{"id":321,"date":"2021-09-23T13:08:16","date_gmt":"2021-09-23T11:08:16","guid":{"rendered":"https:\/\/delicesdeplage.com\/?post_type=product&#038;p=321"},"modified":"2022-02-09T03:45:41","modified_gmt":"2022-02-09T02:45:41","slug":"glaces-bio","status":"publish","type":"product","link":"https:\/\/delicesdeplage.com\/en\/product\/glaces-bio\/","title":{"rendered":"What The French pot de glace bio &#8211; 3 parfums au choix"},"content":{"rendered":"<div data-elementor-type=\"product-post\" data-elementor-id=\"321\" class=\"elementor elementor-321\">\n\t\t\t\t\t\t\t\t\t<section class=\"elementor-section elementor-top-section elementor-element elementor-element-df6b93a elementor-section-boxed elementor-section-height-default elementor-section-height-default\" data-id=\"df6b93a\" data-element_type=\"section\">\n\t\t\t\t\t\t<div class=\"elementor-container elementor-column-gap-default\">\n\t\t\t\t\t<div class=\"elementor-column elementor-col-100 elementor-top-column elementor-element elementor-element-d59591c\" data-id=\"d59591c\" data-element_type=\"column\">\n\t\t\t<div class=\"elementor-widget-wrap elementor-element-populated\">\n\t\t\t\t\t\t\t\t<div class=\"elementor-element elementor-element-87a321a elementor-widget elementor-widget-wl-single-product-short-description\" data-id=\"87a321a\" data-element_type=\"widget\" data-widget_type=\"wl-single-product-short-description.default\">\n\t\t\t\t<div class=\"elementor-widget-container\">\n\t\t\t<div class=\"woocommerce-product-details__short-description\">\n\t<p>Des glaces Bio et hyper gourmandes ! Le combo pour faire fr\u00e9tiller vos papilles. A d\u00e9guster sans mod\u00e9ration sur la plage, entre amis, ou comme vous voulez en fait !<\/p>\n<p>3 parfums au choix : Vanille sauce caramel et \u00e9clats de cacahu\u00e8tes P\u00e2te \u00e0 tartiner noisettes et cacao et Yaourt aromatis\u00e9 au fruit de la passion<\/p>\n<p>284 g<\/p>\n<\/div>\n\t\t<\/div>\n\t\t\t\t<\/div>\n\t\t\t\t\t<\/div>\n\t\t<\/div>\n\t\t\t\t\t\t\t<\/div>\n\t\t<\/section>\n\t\t\t\t\t\t\t<\/div>","protected":false},"excerpt":{"rendered":"<p>Des glaces Bio et hyper gourmandes ! Le combo pour faire fr\u00e9tiller vos papilles. A d\u00e9guster sans mod\u00e9ration sur la plage, entre amis, ou comme vous voulez en fait !<\/p>\n<p>3 parfums au choix : Vanille sauce caramel et \u00e9clats de cacahu\u00e8tes P\u00e2te \u00e0 tartiner noisettes et cacao et Yaourt aromatis\u00e9 au fruit de la passion<\/p>\n<p>284 g<\/p>","protected":false},"featured_media":333,"template":"","meta":{"inline_featured_image":false},"product_cat":[52,43],"product_tag":[],"yoast_head":"<!-- This site is optimized with the Yoast SEO plugin v19.4 - https:\/\/yoast.com\/wordpress\/plugins\/seo\/ -->\n<title>What The French pot de glace bio - 3 parfums au choix - D\u00e9lices de Plage - P\u00e2tisserie \u00e0 Nice<\/title>\n<meta name=\"description\" content=\"Glaces bio What The French : des glaces Bio et hyper gourmandes ! Le combo pour faire fr\u00e9tiller vos papilles. A d\u00e9guster sans mod\u00e9ration sur la plage, entre amis, ou comme vous voulez en fait !\" \/>\n<meta name=\"robots\" content=\"noindex, follow, max-snippet:-1, max-image-preview:large, max-video-preview:-1\" \/>\n<meta property=\"og:locale\" content=\"en_GB\" \/>\n<meta property=\"og:type\" content=\"article\" \/>\n<meta property=\"og:title\" content=\"What The French pot de glace bio - 3 parfums au choix - D\u00e9lices de Plage - P\u00e2tisserie \u00e0 Nice\" \/>\n<meta property=\"og:description\" content=\"Glaces bio What The French : des glaces Bio et hyper gourmandes ! Le combo pour faire fr\u00e9tiller vos papilles. A d\u00e9guster sans mod\u00e9ration sur la plage, entre amis, ou comme vous voulez en fait !\" \/>\n<meta property=\"og:url\" content=\"https:\/\/delicesdeplage.com\/en\/product\/glaces-bio\/\" \/>\n<meta property=\"og:site_name\" content=\"D\u00e9lices de Plage - P\u00e2tisserie \u00e0 Nice\" \/>\n<meta property=\"article:publisher\" content=\"https:\/\/www.facebook.com\/delicesdeplage\" \/>\n<meta property=\"article:modified_time\" content=\"2022-02-09T02:45:41+00:00\" \/>\n<meta property=\"og:image\" content=\"https:\/\/i0.wp.com\/delicesdeplage.com\/wp-content\/uploads\/2021\/09\/wtfrench-vanille.jpg?fit=1080%2C1080&ssl=1\" \/>\n\t<meta property=\"og:image:width\" content=\"1080\" \/>\n\t<meta property=\"og:image:height\" content=\"1080\" \/>\n\t<meta property=\"og:image:type\" content=\"image\/jpeg\" \/>\n<meta name=\"twitter:card\" content=\"summary_large_image\" \/>\n<script type=\"application\/ld+json\" class=\"yoast-schema-graph\">{\"@context\":\"https:\/\/schema.org\",\"@graph\":[{\"@type\":\"Organization\",\"@id\":\"https:\/\/delicesdeplage.com\/#organization\",\"name\":\"D\u00e9lices de Plage - P\u00e2tisserie \u00e0 Nice\",\"url\":\"https:\/\/delicesdeplage.com\/\",\"sameAs\":[\"https:\/\/www.instagram.com\/delices_de_plage\/\",\"https:\/\/www.facebook.com\/delicesdeplage\"],\"logo\":{\"@type\":\"ImageObject\",\"inLanguage\":\"en-GB\",\"@id\":\"https:\/\/delicesdeplage.com\/#\/schema\/logo\/image\/\",\"url\":\"https:\/\/delicesdeplage.com\/wp-content\/uploads\/2021\/09\/logo_delices_de_plage_svg.svg\",\"contentUrl\":\"https:\/\/delicesdeplage.com\/wp-content\/uploads\/2021\/09\/logo_delices_de_plage_svg.svg\",\"width\":469,\"height\":512,\"caption\":\"D\u00e9lices de Plage - P\u00e2tisserie \u00e0 Nice\"},\"image\":{\"@id\":\"https:\/\/delicesdeplage.com\/#\/schema\/logo\/image\/\"}},{\"@type\":\"WebSite\",\"@id\":\"https:\/\/delicesdeplage.com\/#website\",\"url\":\"https:\/\/delicesdeplage.com\/\",\"name\":\"D\u00e9lices de Plage - P\u00e2tisserie \u00e0 Nice\",\"description\":\"P\u00e2tisserie fran\u00e7aise en bord de plage \u00e0 Nice\",\"publisher\":{\"@id\":\"https:\/\/delicesdeplage.com\/#organization\"},\"potentialAction\":[{\"@type\":\"SearchAction\",\"target\":{\"@type\":\"EntryPoint\",\"urlTemplate\":\"https:\/\/delicesdeplage.com\/?s={search_term_string}\"},\"query-input\":\"required name=search_term_string\"}],\"inLanguage\":\"en-GB\"},{\"@type\":\"WebPage\",\"@id\":\"https:\/\/delicesdeplage.com\/product\/glaces-bio\/\",\"url\":\"https:\/\/delicesdeplage.com\/product\/glaces-bio\/\",\"name\":\"What The French pot de glace bio - 3 parfums au choix - D\u00e9lices de Plage - P\u00e2tisserie \u00e0 Nice\",\"isPartOf\":{\"@id\":\"https:\/\/delicesdeplage.com\/#website\"},\"datePublished\":\"2021-09-23T11:08:16+00:00\",\"dateModified\":\"2022-02-09T02:45:41+00:00\",\"description\":\"Glaces bio What The French : des glaces Bio et hyper gourmandes ! Le combo pour faire fr\u00e9tiller vos papilles. A d\u00e9guster sans mod\u00e9ration sur la plage, entre amis, ou comme vous voulez en fait !\",\"breadcrumb\":{\"@id\":\"https:\/\/delicesdeplage.com\/product\/glaces-bio\/#breadcrumb\"},\"inLanguage\":\"en-GB\",\"potentialAction\":[{\"@type\":\"ReadAction\",\"target\":[\"https:\/\/delicesdeplage.com\/product\/glaces-bio\/\"]}]},{\"@type\":\"BreadcrumbList\",\"@id\":\"https:\/\/delicesdeplage.com\/product\/glaces-bio\/#breadcrumb\",\"itemListElement\":[{\"@type\":\"ListItem\",\"position\":1,\"name\":\"Home\",\"item\":\"https:\/\/delicesdeplage.com\/\"},{\"@type\":\"ListItem\",\"position\":2,\"name\":\"Nos p\u00e2tisseries\",\"item\":\"https:\/\/delicesdeplage.com\/shop\/\"},{\"@type\":\"ListItem\",\"position\":3,\"name\":\"What The French pot de glace bio &#8211; 3 parfums au choix\"}]}]}<\/script>\n<!-- \/ Yoast SEO plugin. -->","yoast_head_json":{"title":"What The French pot de glace bio - 3 parfums au choix - D\u00e9lices de Plage - P\u00e2tisserie \u00e0 Nice","description":"Glaces bio What The French : des glaces Bio et hyper gourmandes ! Le combo pour faire fr\u00e9tiller vos papilles. A d\u00e9guster sans mod\u00e9ration sur la plage, entre amis, ou comme vous voulez en fait !","robots":{"index":"noindex","follow":"follow","max-snippet":"max-snippet:-1","max-image-preview":"max-image-preview:large","max-video-preview":"max-video-preview:-1"},"og_locale":"en_GB","og_type":"article","og_title":"What The French pot de glace bio - 3 parfums au choix - D\u00e9lices de Plage - P\u00e2tisserie \u00e0 Nice","og_description":"Glaces bio What The French : des glaces Bio et hyper gourmandes ! Le combo pour faire fr\u00e9tiller vos papilles. A d\u00e9guster sans mod\u00e9ration sur la plage, entre amis, ou comme vous voulez en fait !","og_url":"https:\/\/delicesdeplage.com\/en\/product\/glaces-bio\/","og_site_name":"D\u00e9lices de Plage - P\u00e2tisserie \u00e0 Nice","article_publisher":"https:\/\/www.facebook.com\/delicesdeplage","article_modified_time":"2022-02-09T02:45:41+00:00","og_image":[{"width":1080,"height":1080,"url":"https:\/\/i0.wp.com\/delicesdeplage.com\/wp-content\/uploads\/2021\/09\/wtfrench-vanille.jpg?fit=1080%2C1080&ssl=1","type":"image\/jpeg"}],"twitter_card":"summary_large_image","schema":{"@context":"https:\/\/schema.org","@graph":[{"@type":"Organization","@id":"https:\/\/delicesdeplage.com\/#organization","name":"D\u00e9lices de Plage - P\u00e2tisserie \u00e0 Nice","url":"https:\/\/delicesdeplage.com\/","sameAs":["https:\/\/www.instagram.com\/delices_de_plage\/","https:\/\/www.facebook.com\/delicesdeplage"],"logo":{"@type":"ImageObject","inLanguage":"en-GB","@id":"https:\/\/delicesdeplage.com\/#\/schema\/logo\/image\/","url":"https:\/\/delicesdeplage.com\/wp-content\/uploads\/2021\/09\/logo_delices_de_plage_svg.svg","contentUrl":"https:\/\/delicesdeplage.com\/wp-content\/uploads\/2021\/09\/logo_delices_de_plage_svg.svg","width":469,"height":512,"caption":"D\u00e9lices de Plage - P\u00e2tisserie \u00e0 Nice"},"image":{"@id":"https:\/\/delicesdeplage.com\/#\/schema\/logo\/image\/"}},{"@type":"WebSite","@id":"https:\/\/delicesdeplage.com\/#website","url":"https:\/\/delicesdeplage.com\/","name":"D\u00e9lices de Plage - P\u00e2tisserie \u00e0 Nice","description":"P\u00e2tisserie fran\u00e7aise en bord de plage \u00e0 Nice","publisher":{"@id":"https:\/\/delicesdeplage.com\/#organization"},"potentialAction":[{"@type":"SearchAction","target":{"@type":"EntryPoint","urlTemplate":"https:\/\/delicesdeplage.com\/?s={search_term_string}"},"query-input":"required name=search_term_string"}],"inLanguage":"en-GB"},{"@type":"WebPage","@id":"https:\/\/delicesdeplage.com\/product\/glaces-bio\/","url":"https:\/\/delicesdeplage.com\/product\/glaces-bio\/","name":"What The French pot de glace bio - 3 parfums au choix - D\u00e9lices de Plage - P\u00e2tisserie \u00e0 Nice","isPartOf":{"@id":"https:\/\/delicesdeplage.com\/#website"},"datePublished":"2021-09-23T11:08:16+00:00","dateModified":"2022-02-09T02:45:41+00:00","description":"Glaces bio What The French : des glaces Bio et hyper gourmandes ! Le combo pour faire fr\u00e9tiller vos papilles. A d\u00e9guster sans mod\u00e9ration sur la plage, entre amis, ou comme vous voulez en fait !","breadcrumb":{"@id":"https:\/\/delicesdeplage.com\/product\/glaces-bio\/#breadcrumb"},"inLanguage":"en-GB","potentialAction":[{"@type":"ReadAction","target":["https:\/\/delicesdeplage.com\/product\/glaces-bio\/"]}]},{"@type":"BreadcrumbList","@id":"https:\/\/delicesdeplage.com\/product\/glaces-bio\/#breadcrumb","itemListElement":[{"@type":"ListItem","position":1,"name":"Home","item":"https:\/\/delicesdeplage.com\/"},{"@type":"ListItem","position":2,"name":"Nos p\u00e2tisseries","item":"https:\/\/delicesdeplage.com\/shop\/"},{"@type":"ListItem","position":3,"name":"What The French pot de glace bio &#8211; 3 parfums au choix"}]}]}},"_links":{"self":[{"href":"https:\/\/delicesdeplage.com\/en\/wp-json\/wp\/v2\/product\/321"}],"collection":[{"href":"https:\/\/delicesdeplage.com\/en\/wp-json\/wp\/v2\/product"}],"about":[{"href":"https:\/\/delicesdeplage.com\/en\/wp-json\/wp\/v2\/types\/product"}],"version-history":[{"count":44,"href":"https:\/\/delicesdeplage.com\/en\/wp-json\/wp\/v2\/product\/321\/revisions"}],"predecessor-version":[{"id":1670,"href":"https:\/\/delicesdeplage.com\/en\/wp-json\/wp\/v2\/product\/321\/revisions\/1670"}],"wp:featuredmedia":[{"embeddable":true,"href":"https:\/\/delicesdeplage.com\/en\/wp-json\/wp\/v2\/media\/333"}],"wp:attachment":[{"href":"https:\/\/delicesdeplage.com\/en\/wp-json\/wp\/v2\/media?parent=321"}],"wp:term":[{"taxonomy":"product_cat","embeddable":true,"href":"https:\/\/delicesdeplage.com\/en\/wp-json\/wp\/v2\/product_cat?post=321"},{"taxonomy":"product_tag","embeddable":true,"href":"https:\/\/delicesdeplage.com\/en\/wp-json\/wp\/v2\/product_tag?post=321"}],"curies":[{"name":"wp","href":"https:\/\/api.w.org\/{rel}","templated":true}]}}