{"id":310,"date":"2021-09-22T14:57:49","date_gmt":"2021-09-22T12:57:49","guid":{"rendered":"https:\/\/delicesdeplage.com\/?post_type=product&#038;p=310"},"modified":"2022-02-09T03:45:42","modified_gmt":"2022-02-09T02:45:42","slug":"cupcakes-fraise-citron-myrtille","status":"publish","type":"product","link":"https:\/\/delicesdeplage.com\/en\/product\/cupcakes-fraise-citron-myrtille\/","title":{"rendered":"Cupcakes &#8211; Fraise \/ Citron \/ Myrtille"},"content":{"rendered":"<div data-elementor-type=\"product-post\" data-elementor-id=\"310\" class=\"elementor elementor-310\">\n\t\t\t\t\t\t\t\t\t<section class=\"elementor-section elementor-top-section elementor-element elementor-element-649a701 elementor-section-boxed elementor-section-height-default elementor-section-height-default\" data-id=\"649a701\" data-element_type=\"section\">\n\t\t\t\t\t\t<div class=\"elementor-container elementor-column-gap-default\">\n\t\t\t\t\t<div class=\"elementor-column elementor-col-100 elementor-top-column elementor-element elementor-element-cc74100\" data-id=\"cc74100\" data-element_type=\"column\">\n\t\t\t<div class=\"elementor-widget-wrap elementor-element-populated\">\n\t\t\t\t\t\t\t\t<div class=\"elementor-element elementor-element-50437b6 elementor-widget elementor-widget-woocommerce-product-short-description\" data-id=\"50437b6\" data-element_type=\"widget\" data-widget_type=\"woocommerce-product-short-description.default\">\n\t\t\t\t<div class=\"elementor-widget-container\">\n\t\t\t<div class=\"woocommerce-product-details__short-description\">\n\t<p>Cupcakes fait maison avec au choix Fraise, Citron ou Myrtille.<\/p>\n<\/div>\n\t\t<\/div>\n\t\t\t\t<\/div>\n\t\t\t\t\t<\/div>\n\t\t<\/div>\n\t\t\t\t\t\t\t<\/div>\n\t\t<\/section>\n\t\t\t\t\t\t\t<\/div>","protected":false},"excerpt":{"rendered":"<p>Cupcakes fait maison avec au choix Fraise, Citron ou Myrtille.<\/p>","protected":false},"featured_media":82,"template":"elementor_canvas","meta":{"inline_featured_image":false},"product_cat":[52,41],"product_tag":[],"yoast_head":"<!-- This site is optimized with the Yoast SEO plugin v19.4 - https:\/\/yoast.com\/wordpress\/plugins\/seo\/ -->\n<title>Cupcakes - Fraise \/ Citron \/ Myrtille - D\u00e9lices de Plage - P\u00e2tisserie \u00e0 Nice<\/title>\n<meta name=\"description\" content=\"Cupcakes fait maison avec au choix Fraise, Citron ou Myrtille.\" \/>\n<meta name=\"robots\" content=\"noindex, follow, max-snippet:-1, max-image-preview:large, max-video-preview:-1\" \/>\n<meta property=\"og:locale\" content=\"en_GB\" \/>\n<meta property=\"og:type\" content=\"article\" \/>\n<meta property=\"og:title\" content=\"Cupcakes - Fraise \/ Citron \/ Myrtille - D\u00e9lices de Plage - P\u00e2tisserie \u00e0 Nice\" \/>\n<meta property=\"og:description\" content=\"Cupcakes fait maison avec au choix Fraise, Citron ou Myrtille.\" \/>\n<meta property=\"og:url\" content=\"https:\/\/delicesdeplage.com\/en\/product\/cupcakes-fraise-citron-myrtille\/\" \/>\n<meta property=\"og:site_name\" content=\"D\u00e9lices de Plage - P\u00e2tisserie \u00e0 Nice\" \/>\n<meta property=\"article:publisher\" content=\"https:\/\/www.facebook.com\/delicesdeplage\" \/>\n<meta property=\"article:modified_time\" content=\"2022-02-09T02:45:42+00:00\" \/>\n<meta property=\"og:image\" content=\"https:\/\/delicesdeplage.com\/wp-content\/uploads\/2021\/09\/cupcakes-zoom.jpg\" \/>\n\t<meta property=\"og:image:width\" content=\"600\" \/>\n\t<meta property=\"og:image:height\" content=\"750\" \/>\n\t<meta property=\"og:image:type\" content=\"image\/jpeg\" \/>\n<meta name=\"twitter:card\" content=\"summary_large_image\" \/>\n<script type=\"application\/ld+json\" class=\"yoast-schema-graph\">{\"@context\":\"https:\/\/schema.org\",\"@graph\":[{\"@type\":\"Organization\",\"@id\":\"https:\/\/delicesdeplage.com\/#organization\",\"name\":\"D\u00e9lices de Plage - P\u00e2tisserie \u00e0 Nice\",\"url\":\"https:\/\/delicesdeplage.com\/\",\"sameAs\":[\"https:\/\/www.instagram.com\/delices_de_plage\/\",\"https:\/\/www.facebook.com\/delicesdeplage\"],\"logo\":{\"@type\":\"ImageObject\",\"inLanguage\":\"en-GB\",\"@id\":\"https:\/\/delicesdeplage.com\/#\/schema\/logo\/image\/\",\"url\":\"https:\/\/delicesdeplage.com\/wp-content\/uploads\/2021\/09\/logo_delices_de_plage_svg.svg\",\"contentUrl\":\"https:\/\/delicesdeplage.com\/wp-content\/uploads\/2021\/09\/logo_delices_de_plage_svg.svg\",\"width\":469,\"height\":512,\"caption\":\"D\u00e9lices de Plage - P\u00e2tisserie \u00e0 Nice\"},\"image\":{\"@id\":\"https:\/\/delicesdeplage.com\/#\/schema\/logo\/image\/\"}},{\"@type\":\"WebSite\",\"@id\":\"https:\/\/delicesdeplage.com\/#website\",\"url\":\"https:\/\/delicesdeplage.com\/\",\"name\":\"D\u00e9lices de Plage - P\u00e2tisserie \u00e0 Nice\",\"description\":\"P\u00e2tisserie fran\u00e7aise en bord de plage \u00e0 Nice\",\"publisher\":{\"@id\":\"https:\/\/delicesdeplage.com\/#organization\"},\"potentialAction\":[{\"@type\":\"SearchAction\",\"target\":{\"@type\":\"EntryPoint\",\"urlTemplate\":\"https:\/\/delicesdeplage.com\/?s={search_term_string}\"},\"query-input\":\"required name=search_term_string\"}],\"inLanguage\":\"en-GB\"},{\"@type\":\"WebPage\",\"@id\":\"https:\/\/delicesdeplage.com\/product\/cupcakes-fraise-citron-myrtille\/\",\"url\":\"https:\/\/delicesdeplage.com\/product\/cupcakes-fraise-citron-myrtille\/\",\"name\":\"Cupcakes - Fraise \/ Citron \/ Myrtille - D\u00e9lices de Plage - P\u00e2tisserie \u00e0 Nice\",\"isPartOf\":{\"@id\":\"https:\/\/delicesdeplage.com\/#website\"},\"datePublished\":\"2021-09-22T12:57:49+00:00\",\"dateModified\":\"2022-02-09T02:45:42+00:00\",\"description\":\"Cupcakes fait maison avec au choix Fraise, Citron ou Myrtille.\",\"breadcrumb\":{\"@id\":\"https:\/\/delicesdeplage.com\/product\/cupcakes-fraise-citron-myrtille\/#breadcrumb\"},\"inLanguage\":\"en-GB\",\"potentialAction\":[{\"@type\":\"ReadAction\",\"target\":[\"https:\/\/delicesdeplage.com\/product\/cupcakes-fraise-citron-myrtille\/\"]}]},{\"@type\":\"BreadcrumbList\",\"@id\":\"https:\/\/delicesdeplage.com\/product\/cupcakes-fraise-citron-myrtille\/#breadcrumb\",\"itemListElement\":[{\"@type\":\"ListItem\",\"position\":1,\"name\":\"Home\",\"item\":\"https:\/\/delicesdeplage.com\/\"},{\"@type\":\"ListItem\",\"position\":2,\"name\":\"Nos p\u00e2tisseries\",\"item\":\"https:\/\/delicesdeplage.com\/shop\/\"},{\"@type\":\"ListItem\",\"position\":3,\"name\":\"Cupcakes &#8211; Fraise \/ Citron \/ Myrtille\"}]}]}<\/script>\n<!-- \/ Yoast SEO plugin. -->","yoast_head_json":{"title":"Cupcakes - Fraise \/ Citron \/ Myrtille - D\u00e9lices de Plage - P\u00e2tisserie \u00e0 Nice","description":"Cupcakes fait maison avec au choix Fraise, Citron ou Myrtille.","robots":{"index":"noindex","follow":"follow","max-snippet":"max-snippet:-1","max-image-preview":"max-image-preview:large","max-video-preview":"max-video-preview:-1"},"og_locale":"en_GB","og_type":"article","og_title":"Cupcakes - Fraise \/ Citron \/ Myrtille - D\u00e9lices de Plage - P\u00e2tisserie \u00e0 Nice","og_description":"Cupcakes fait maison avec au choix Fraise, Citron ou Myrtille.","og_url":"https:\/\/delicesdeplage.com\/en\/product\/cupcakes-fraise-citron-myrtille\/","og_site_name":"D\u00e9lices de Plage - P\u00e2tisserie \u00e0 Nice","article_publisher":"https:\/\/www.facebook.com\/delicesdeplage","article_modified_time":"2022-02-09T02:45:42+00:00","og_image":[{"width":600,"height":750,"url":"https:\/\/delicesdeplage.com\/wp-content\/uploads\/2021\/09\/cupcakes-zoom.jpg","type":"image\/jpeg"}],"twitter_card":"summary_large_image","schema":{"@context":"https:\/\/schema.org","@graph":[{"@type":"Organization","@id":"https:\/\/delicesdeplage.com\/#organization","name":"D\u00e9lices de Plage - P\u00e2tisserie \u00e0 Nice","url":"https:\/\/delicesdeplage.com\/","sameAs":["https:\/\/www.instagram.com\/delices_de_plage\/","https:\/\/www.facebook.com\/delicesdeplage"],"logo":{"@type":"ImageObject","inLanguage":"en-GB","@id":"https:\/\/delicesdeplage.com\/#\/schema\/logo\/image\/","url":"https:\/\/delicesdeplage.com\/wp-content\/uploads\/2021\/09\/logo_delices_de_plage_svg.svg","contentUrl":"https:\/\/delicesdeplage.com\/wp-content\/uploads\/2021\/09\/logo_delices_de_plage_svg.svg","width":469,"height":512,"caption":"D\u00e9lices de Plage - P\u00e2tisserie \u00e0 Nice"},"image":{"@id":"https:\/\/delicesdeplage.com\/#\/schema\/logo\/image\/"}},{"@type":"WebSite","@id":"https:\/\/delicesdeplage.com\/#website","url":"https:\/\/delicesdeplage.com\/","name":"D\u00e9lices de Plage - P\u00e2tisserie \u00e0 Nice","description":"P\u00e2tisserie fran\u00e7aise en bord de plage \u00e0 Nice","publisher":{"@id":"https:\/\/delicesdeplage.com\/#organization"},"potentialAction":[{"@type":"SearchAction","target":{"@type":"EntryPoint","urlTemplate":"https:\/\/delicesdeplage.com\/?s={search_term_string}"},"query-input":"required name=search_term_string"}],"inLanguage":"en-GB"},{"@type":"WebPage","@id":"https:\/\/delicesdeplage.com\/product\/cupcakes-fraise-citron-myrtille\/","url":"https:\/\/delicesdeplage.com\/product\/cupcakes-fraise-citron-myrtille\/","name":"Cupcakes - Fraise \/ Citron \/ Myrtille - D\u00e9lices de Plage - P\u00e2tisserie \u00e0 Nice","isPartOf":{"@id":"https:\/\/delicesdeplage.com\/#website"},"datePublished":"2021-09-22T12:57:49+00:00","dateModified":"2022-02-09T02:45:42+00:00","description":"Cupcakes fait maison avec au choix Fraise, Citron ou Myrtille.","breadcrumb":{"@id":"https:\/\/delicesdeplage.com\/product\/cupcakes-fraise-citron-myrtille\/#breadcrumb"},"inLanguage":"en-GB","potentialAction":[{"@type":"ReadAction","target":["https:\/\/delicesdeplage.com\/product\/cupcakes-fraise-citron-myrtille\/"]}]},{"@type":"BreadcrumbList","@id":"https:\/\/delicesdeplage.com\/product\/cupcakes-fraise-citron-myrtille\/#breadcrumb","itemListElement":[{"@type":"ListItem","position":1,"name":"Home","item":"https:\/\/delicesdeplage.com\/"},{"@type":"ListItem","position":2,"name":"Nos p\u00e2tisseries","item":"https:\/\/delicesdeplage.com\/shop\/"},{"@type":"ListItem","position":3,"name":"Cupcakes &#8211; Fraise \/ Citron \/ Myrtille"}]}]}},"_links":{"self":[{"href":"https:\/\/delicesdeplage.com\/en\/wp-json\/wp\/v2\/product\/310"}],"collection":[{"href":"https:\/\/delicesdeplage.com\/en\/wp-json\/wp\/v2\/product"}],"about":[{"href":"https:\/\/delicesdeplage.com\/en\/wp-json\/wp\/v2\/types\/product"}],"version-history":[{"count":15,"href":"https:\/\/delicesdeplage.com\/en\/wp-json\/wp\/v2\/product\/310\/revisions"}],"predecessor-version":[{"id":1480,"href":"https:\/\/delicesdeplage.com\/en\/wp-json\/wp\/v2\/product\/310\/revisions\/1480"}],"wp:featuredmedia":[{"embeddable":true,"href":"https:\/\/delicesdeplage.com\/en\/wp-json\/wp\/v2\/media\/82"}],"wp:attachment":[{"href":"https:\/\/delicesdeplage.com\/en\/wp-json\/wp\/v2\/media?parent=310"}],"wp:term":[{"taxonomy":"product_cat","embeddable":true,"href":"https:\/\/delicesdeplage.com\/en\/wp-json\/wp\/v2\/product_cat?post=310"},{"taxonomy":"product_tag","embeddable":true,"href":"https:\/\/delicesdeplage.com\/en\/wp-json\/wp\/v2\/product_tag?post=310"}],"curies":[{"name":"wp","href":"https:\/\/api.w.org\/{rel}","templated":true}]}}