{"id":306,"date":"2021-09-22T14:37:04","date_gmt":"2021-09-22T12:37:04","guid":{"rendered":"https:\/\/delicesdeplage.com\/?post_type=product&#038;p=306"},"modified":"2022-02-08T23:01:55","modified_gmt":"2022-02-08T22:01:55","slug":"tarte-figue-cassis","status":"publish","type":"product","link":"https:\/\/delicesdeplage.com\/en\/product\/tarte-figue-cassis\/","title":{"rendered":"Tartelette figue cassis"},"content":{"rendered":"<p>P\u00e2te sucr\u00e9e, cr\u00e8me amandine, cr\u00e8me l\u00e9g\u00e8re au citron vert, compot\u00e9e de figues fra\u00eeches, cassis et framboises.<\/p>","protected":false},"excerpt":{"rendered":"<p>P\u00e2te sucr\u00e9e, cr\u00e8me amandine, cr\u00e8me l\u00e9g\u00e8re au citron vert, compot\u00e9e de figues fra\u00eeches, cassis et framboises.<\/p>","protected":false},"featured_media":307,"template":"elementor_canvas","meta":{"inline_featured_image":false},"product_cat":[40],"product_tag":[],"yoast_head":"<!-- This site is optimized with the Yoast SEO plugin v19.4 - https:\/\/yoast.com\/wordpress\/plugins\/seo\/ -->\n<title>Tartelette figue cassis - D\u00e9lices de Plage - P\u00e2tisserie \u00e0 Nice<\/title>\n<meta name=\"description\" content=\"P\u00e2te sucr\u00e9e, cr\u00e8me amandine, cr\u00e8me l\u00e9g\u00e8re au citron vert, compot\u00e9e de figues fra\u00eeches, cassis et framboises.\" \/>\n<meta name=\"robots\" content=\"noindex, follow, max-snippet:-1, max-image-preview:large, max-video-preview:-1\" \/>\n<meta property=\"og:locale\" content=\"en_GB\" \/>\n<meta property=\"og:type\" content=\"article\" \/>\n<meta property=\"og:title\" content=\"Tartelette figue cassis - D\u00e9lices de Plage - P\u00e2tisserie \u00e0 Nice\" \/>\n<meta property=\"og:description\" content=\"P\u00e2te sucr\u00e9e, cr\u00e8me amandine, cr\u00e8me l\u00e9g\u00e8re au citron vert, compot\u00e9e de figues fra\u00eeches, cassis et framboises.\" \/>\n<meta property=\"og:url\" content=\"https:\/\/delicesdeplage.com\/en\/product\/tarte-figue-cassis\/\" \/>\n<meta property=\"og:site_name\" content=\"D\u00e9lices de Plage - P\u00e2tisserie \u00e0 Nice\" \/>\n<meta property=\"article:publisher\" content=\"https:\/\/www.facebook.com\/delicesdeplage\" \/>\n<meta property=\"article:modified_time\" content=\"2022-02-08T22:01:55+00:00\" \/>\n<meta property=\"og:image\" content=\"https:\/\/delicesdeplage.com\/wp-content\/uploads\/2021\/09\/tartelette-figue-cassis.jpg\" \/>\n\t<meta property=\"og:image:width\" content=\"1080\" \/>\n\t<meta property=\"og:image:height\" content=\"1080\" \/>\n\t<meta property=\"og:image:type\" content=\"image\/jpeg\" \/>\n<meta name=\"twitter:card\" content=\"summary_large_image\" \/>\n<meta name=\"twitter:label1\" content=\"Estimated reading time\" \/>\n\t<meta name=\"twitter:data1\" content=\"1 minute\" \/>\n<script type=\"application\/ld+json\" class=\"yoast-schema-graph\">{\"@context\":\"https:\/\/schema.org\",\"@graph\":[{\"@type\":\"Organization\",\"@id\":\"https:\/\/delicesdeplage.com\/#organization\",\"name\":\"D\u00e9lices de Plage - P\u00e2tisserie \u00e0 Nice\",\"url\":\"https:\/\/delicesdeplage.com\/\",\"sameAs\":[\"https:\/\/www.instagram.com\/delices_de_plage\/\",\"https:\/\/www.facebook.com\/delicesdeplage\"],\"logo\":{\"@type\":\"ImageObject\",\"inLanguage\":\"en-GB\",\"@id\":\"https:\/\/delicesdeplage.com\/#\/schema\/logo\/image\/\",\"url\":\"https:\/\/delicesdeplage.com\/wp-content\/uploads\/2021\/09\/logo_delices_de_plage_svg.svg\",\"contentUrl\":\"https:\/\/delicesdeplage.com\/wp-content\/uploads\/2021\/09\/logo_delices_de_plage_svg.svg\",\"width\":469,\"height\":512,\"caption\":\"D\u00e9lices de Plage - P\u00e2tisserie \u00e0 Nice\"},\"image\":{\"@id\":\"https:\/\/delicesdeplage.com\/#\/schema\/logo\/image\/\"}},{\"@type\":\"WebSite\",\"@id\":\"https:\/\/delicesdeplage.com\/#website\",\"url\":\"https:\/\/delicesdeplage.com\/\",\"name\":\"D\u00e9lices de Plage - P\u00e2tisserie \u00e0 Nice\",\"description\":\"P\u00e2tisserie fran\u00e7aise en bord de plage \u00e0 Nice\",\"publisher\":{\"@id\":\"https:\/\/delicesdeplage.com\/#organization\"},\"potentialAction\":[{\"@type\":\"SearchAction\",\"target\":{\"@type\":\"EntryPoint\",\"urlTemplate\":\"https:\/\/delicesdeplage.com\/?s={search_term_string}\"},\"query-input\":\"required name=search_term_string\"}],\"inLanguage\":\"en-GB\"},{\"@type\":\"WebPage\",\"@id\":\"https:\/\/delicesdeplage.com\/product\/tarte-figue-cassis\/\",\"url\":\"https:\/\/delicesdeplage.com\/product\/tarte-figue-cassis\/\",\"name\":\"Tartelette figue cassis - D\u00e9lices de Plage - P\u00e2tisserie \u00e0 Nice\",\"isPartOf\":{\"@id\":\"https:\/\/delicesdeplage.com\/#website\"},\"datePublished\":\"2021-09-22T12:37:04+00:00\",\"dateModified\":\"2022-02-08T22:01:55+00:00\",\"description\":\"P\u00e2te sucr\u00e9e, cr\u00e8me amandine, cr\u00e8me l\u00e9g\u00e8re au citron vert, compot\u00e9e de figues fra\u00eeches, cassis et framboises.\",\"breadcrumb\":{\"@id\":\"https:\/\/delicesdeplage.com\/product\/tarte-figue-cassis\/#breadcrumb\"},\"inLanguage\":\"en-GB\",\"potentialAction\":[{\"@type\":\"ReadAction\",\"target\":[\"https:\/\/delicesdeplage.com\/product\/tarte-figue-cassis\/\"]}]},{\"@type\":\"BreadcrumbList\",\"@id\":\"https:\/\/delicesdeplage.com\/product\/tarte-figue-cassis\/#breadcrumb\",\"itemListElement\":[{\"@type\":\"ListItem\",\"position\":1,\"name\":\"Home\",\"item\":\"https:\/\/delicesdeplage.com\/\"},{\"@type\":\"ListItem\",\"position\":2,\"name\":\"Nos p\u00e2tisseries\",\"item\":\"https:\/\/delicesdeplage.com\/shop\/\"},{\"@type\":\"ListItem\",\"position\":3,\"name\":\"Tartelette figue cassis\"}]}]}<\/script>\n<!-- \/ Yoast SEO plugin. -->","yoast_head_json":{"title":"Tartelette figue cassis - D\u00e9lices de Plage - P\u00e2tisserie \u00e0 Nice","description":"P\u00e2te sucr\u00e9e, cr\u00e8me amandine, cr\u00e8me l\u00e9g\u00e8re au citron vert, compot\u00e9e de figues fra\u00eeches, cassis et framboises.","robots":{"index":"noindex","follow":"follow","max-snippet":"max-snippet:-1","max-image-preview":"max-image-preview:large","max-video-preview":"max-video-preview:-1"},"og_locale":"en_GB","og_type":"article","og_title":"Tartelette figue cassis - D\u00e9lices de Plage - P\u00e2tisserie \u00e0 Nice","og_description":"P\u00e2te sucr\u00e9e, cr\u00e8me amandine, cr\u00e8me l\u00e9g\u00e8re au citron vert, compot\u00e9e de figues fra\u00eeches, cassis et framboises.","og_url":"https:\/\/delicesdeplage.com\/en\/product\/tarte-figue-cassis\/","og_site_name":"D\u00e9lices de Plage - P\u00e2tisserie \u00e0 Nice","article_publisher":"https:\/\/www.facebook.com\/delicesdeplage","article_modified_time":"2022-02-08T22:01:55+00:00","og_image":[{"width":1080,"height":1080,"url":"https:\/\/delicesdeplage.com\/wp-content\/uploads\/2021\/09\/tartelette-figue-cassis.jpg","type":"image\/jpeg"}],"twitter_card":"summary_large_image","twitter_misc":{"Estimated reading time":"1 minute"},"schema":{"@context":"https:\/\/schema.org","@graph":[{"@type":"Organization","@id":"https:\/\/delicesdeplage.com\/#organization","name":"D\u00e9lices de Plage - P\u00e2tisserie \u00e0 Nice","url":"https:\/\/delicesdeplage.com\/","sameAs":["https:\/\/www.instagram.com\/delices_de_plage\/","https:\/\/www.facebook.com\/delicesdeplage"],"logo":{"@type":"ImageObject","inLanguage":"en-GB","@id":"https:\/\/delicesdeplage.com\/#\/schema\/logo\/image\/","url":"https:\/\/delicesdeplage.com\/wp-content\/uploads\/2021\/09\/logo_delices_de_plage_svg.svg","contentUrl":"https:\/\/delicesdeplage.com\/wp-content\/uploads\/2021\/09\/logo_delices_de_plage_svg.svg","width":469,"height":512,"caption":"D\u00e9lices de Plage - P\u00e2tisserie \u00e0 Nice"},"image":{"@id":"https:\/\/delicesdeplage.com\/#\/schema\/logo\/image\/"}},{"@type":"WebSite","@id":"https:\/\/delicesdeplage.com\/#website","url":"https:\/\/delicesdeplage.com\/","name":"D\u00e9lices de Plage - P\u00e2tisserie \u00e0 Nice","description":"P\u00e2tisserie fran\u00e7aise en bord de plage \u00e0 Nice","publisher":{"@id":"https:\/\/delicesdeplage.com\/#organization"},"potentialAction":[{"@type":"SearchAction","target":{"@type":"EntryPoint","urlTemplate":"https:\/\/delicesdeplage.com\/?s={search_term_string}"},"query-input":"required name=search_term_string"}],"inLanguage":"en-GB"},{"@type":"WebPage","@id":"https:\/\/delicesdeplage.com\/product\/tarte-figue-cassis\/","url":"https:\/\/delicesdeplage.com\/product\/tarte-figue-cassis\/","name":"Tartelette figue cassis - D\u00e9lices de Plage - P\u00e2tisserie \u00e0 Nice","isPartOf":{"@id":"https:\/\/delicesdeplage.com\/#website"},"datePublished":"2021-09-22T12:37:04+00:00","dateModified":"2022-02-08T22:01:55+00:00","description":"P\u00e2te sucr\u00e9e, cr\u00e8me amandine, cr\u00e8me l\u00e9g\u00e8re au citron vert, compot\u00e9e de figues fra\u00eeches, cassis et framboises.","breadcrumb":{"@id":"https:\/\/delicesdeplage.com\/product\/tarte-figue-cassis\/#breadcrumb"},"inLanguage":"en-GB","potentialAction":[{"@type":"ReadAction","target":["https:\/\/delicesdeplage.com\/product\/tarte-figue-cassis\/"]}]},{"@type":"BreadcrumbList","@id":"https:\/\/delicesdeplage.com\/product\/tarte-figue-cassis\/#breadcrumb","itemListElement":[{"@type":"ListItem","position":1,"name":"Home","item":"https:\/\/delicesdeplage.com\/"},{"@type":"ListItem","position":2,"name":"Nos p\u00e2tisseries","item":"https:\/\/delicesdeplage.com\/shop\/"},{"@type":"ListItem","position":3,"name":"Tartelette figue cassis"}]}]}},"_links":{"self":[{"href":"https:\/\/delicesdeplage.com\/en\/wp-json\/wp\/v2\/product\/306"}],"collection":[{"href":"https:\/\/delicesdeplage.com\/en\/wp-json\/wp\/v2\/product"}],"about":[{"href":"https:\/\/delicesdeplage.com\/en\/wp-json\/wp\/v2\/types\/product"}],"version-history":[{"count":2,"href":"https:\/\/delicesdeplage.com\/en\/wp-json\/wp\/v2\/product\/306\/revisions"}],"predecessor-version":[{"id":1208,"href":"https:\/\/delicesdeplage.com\/en\/wp-json\/wp\/v2\/product\/306\/revisions\/1208"}],"wp:featuredmedia":[{"embeddable":true,"href":"https:\/\/delicesdeplage.com\/en\/wp-json\/wp\/v2\/media\/307"}],"wp:attachment":[{"href":"https:\/\/delicesdeplage.com\/en\/wp-json\/wp\/v2\/media?parent=306"}],"wp:term":[{"taxonomy":"product_cat","embeddable":true,"href":"https:\/\/delicesdeplage.com\/en\/wp-json\/wp\/v2\/product_cat?post=306"},{"taxonomy":"product_tag","embeddable":true,"href":"https:\/\/delicesdeplage.com\/en\/wp-json\/wp\/v2\/product_tag?post=306"}],"curies":[{"name":"wp","href":"https:\/\/api.w.org\/{rel}","templated":true}]}}