{"id":296,"date":"2021-09-22T13:58:50","date_gmt":"2021-09-22T11:58:50","guid":{"rendered":"https:\/\/delicesdeplage.com\/?post_type=product&#038;p=296"},"modified":"2022-02-08T23:01:55","modified_gmt":"2022-02-08T22:01:55","slug":"tartelette-citron-praline","status":"publish","type":"product","link":"https:\/\/delicesdeplage.com\/en\/product\/tartelette-citron-praline\/","title":{"rendered":"Tartelette citron-praline"},"content":{"rendered":"<p>CR\u00c8ME A LA\u00a0NOISETTE, PRALIN\u00c9 NOISETTE, GEL\u00c9E AU YUZU DE K\u00d4CHI &amp; CR\u00c8ME CHANTILLY \u00c0 LA NOISETTE<\/p>\n<p><strong>P\u00e2te sabl\u00e9e, biscuit, et cr\u00e8me onctueuse \u00e0 la noisette, pralin\u00e9 noisette fondant et croustillant, gel\u00e9e au yuzu de K\u00f4chi, cr\u00e8me Chantilly \u00e0 la noisette.<\/strong><\/p>\n<p>Entremets \u00e0 l\u2019attrait magn\u00e9tique, le yuzu vient bousculer la noisette dans un twist de saveurs in\u00e9dit. Le parfum \u00e9clatant du yuzu de Kochi frappe en premier, accompagn\u00e9 de variations de notes acidul\u00e9es et fra\u00eeches apport\u00e9es par la gel\u00e9e de yuzu de Kochi, puis le go\u00fbt suave de la noisette du Pi\u00e9mont entre en sc\u00e8ne, puissant et infiniment gourmand.<\/p>","protected":false},"excerpt":{"rendered":"<p>CR\u00c8ME A LA\u00a0NOISETTE, PRALIN\u00c9 NOISETTE, GEL\u00c9E AU YUZU DE K\u00d4CHI &amp; CR\u00c8ME CHANTILLY \u00c0 LA NOISETTE<\/p>","protected":false},"featured_media":297,"template":"elementor_canvas","meta":{"inline_featured_image":false},"product_cat":[40],"product_tag":[],"yoast_head":"<!-- This site is optimized with the Yoast SEO plugin v19.4 - https:\/\/yoast.com\/wordpress\/plugins\/seo\/ -->\n<title>Tartelette citron-praline - D\u00e9lices de Plage - P\u00e2tisserie \u00e0 Nice<\/title>\n<meta name=\"description\" content=\"CR\u00c8ME A LA\u00a0NOISETTE, PRALIN\u00c9 NOISETTE, GEL\u00c9E AU CITRON-YUZU DE K\u00d4CHI &amp; CR\u00c8ME CHANTILLY \u00c0 LA NOISETTE\" \/>\n<meta name=\"robots\" content=\"noindex, follow, max-snippet:-1, max-image-preview:large, max-video-preview:-1\" \/>\n<meta property=\"og:locale\" content=\"en_GB\" \/>\n<meta property=\"og:type\" content=\"article\" \/>\n<meta property=\"og:title\" content=\"Tartelette citron-praline - D\u00e9lices de Plage - P\u00e2tisserie \u00e0 Nice\" \/>\n<meta property=\"og:description\" content=\"CR\u00c8ME A LA\u00a0NOISETTE, PRALIN\u00c9 NOISETTE, GEL\u00c9E AU CITRON-YUZU DE K\u00d4CHI &amp; CR\u00c8ME CHANTILLY \u00c0 LA NOISETTE\" \/>\n<meta property=\"og:url\" content=\"https:\/\/delicesdeplage.com\/en\/product\/tartelette-citron-praline\/\" \/>\n<meta property=\"og:site_name\" content=\"D\u00e9lices de Plage - P\u00e2tisserie \u00e0 Nice\" \/>\n<meta property=\"article:publisher\" content=\"https:\/\/www.facebook.com\/delicesdeplage\" \/>\n<meta property=\"article:modified_time\" content=\"2022-02-08T22:01:55+00:00\" \/>\n<meta property=\"og:image\" content=\"https:\/\/delicesdeplage.com\/wp-content\/uploads\/2021\/09\/tartelette-praline-yuzu.jpg\" \/>\n\t<meta property=\"og:image:width\" content=\"1080\" \/>\n\t<meta property=\"og:image:height\" content=\"1080\" \/>\n\t<meta property=\"og:image:type\" content=\"image\/jpeg\" \/>\n<meta name=\"twitter:card\" content=\"summary_large_image\" \/>\n<meta name=\"twitter:label1\" content=\"Estimated reading time\" \/>\n\t<meta name=\"twitter:data1\" content=\"1 minute\" \/>\n<script type=\"application\/ld+json\" class=\"yoast-schema-graph\">{\"@context\":\"https:\/\/schema.org\",\"@graph\":[{\"@type\":\"Organization\",\"@id\":\"https:\/\/delicesdeplage.com\/#organization\",\"name\":\"D\u00e9lices de Plage - P\u00e2tisserie \u00e0 Nice\",\"url\":\"https:\/\/delicesdeplage.com\/\",\"sameAs\":[\"https:\/\/www.instagram.com\/delices_de_plage\/\",\"https:\/\/www.facebook.com\/delicesdeplage\"],\"logo\":{\"@type\":\"ImageObject\",\"inLanguage\":\"en-GB\",\"@id\":\"https:\/\/delicesdeplage.com\/#\/schema\/logo\/image\/\",\"url\":\"https:\/\/delicesdeplage.com\/wp-content\/uploads\/2021\/09\/logo_delices_de_plage_svg.svg\",\"contentUrl\":\"https:\/\/delicesdeplage.com\/wp-content\/uploads\/2021\/09\/logo_delices_de_plage_svg.svg\",\"width\":469,\"height\":512,\"caption\":\"D\u00e9lices de Plage - P\u00e2tisserie \u00e0 Nice\"},\"image\":{\"@id\":\"https:\/\/delicesdeplage.com\/#\/schema\/logo\/image\/\"}},{\"@type\":\"WebSite\",\"@id\":\"https:\/\/delicesdeplage.com\/#website\",\"url\":\"https:\/\/delicesdeplage.com\/\",\"name\":\"D\u00e9lices de Plage - P\u00e2tisserie \u00e0 Nice\",\"description\":\"P\u00e2tisserie fran\u00e7aise en bord de plage \u00e0 Nice\",\"publisher\":{\"@id\":\"https:\/\/delicesdeplage.com\/#organization\"},\"potentialAction\":[{\"@type\":\"SearchAction\",\"target\":{\"@type\":\"EntryPoint\",\"urlTemplate\":\"https:\/\/delicesdeplage.com\/?s={search_term_string}\"},\"query-input\":\"required name=search_term_string\"}],\"inLanguage\":\"en-GB\"},{\"@type\":\"WebPage\",\"@id\":\"https:\/\/delicesdeplage.com\/product\/tartelette-citron-praline\/\",\"url\":\"https:\/\/delicesdeplage.com\/product\/tartelette-citron-praline\/\",\"name\":\"Tartelette citron-praline - D\u00e9lices de Plage - P\u00e2tisserie \u00e0 Nice\",\"isPartOf\":{\"@id\":\"https:\/\/delicesdeplage.com\/#website\"},\"datePublished\":\"2021-09-22T11:58:50+00:00\",\"dateModified\":\"2022-02-08T22:01:55+00:00\",\"description\":\"CR\u00c8ME A LA\u00a0NOISETTE, PRALIN\u00c9 NOISETTE, GEL\u00c9E AU CITRON-YUZU DE K\u00d4CHI & CR\u00c8ME CHANTILLY \u00c0 LA NOISETTE\",\"breadcrumb\":{\"@id\":\"https:\/\/delicesdeplage.com\/product\/tartelette-citron-praline\/#breadcrumb\"},\"inLanguage\":\"en-GB\",\"potentialAction\":[{\"@type\":\"ReadAction\",\"target\":[\"https:\/\/delicesdeplage.com\/product\/tartelette-citron-praline\/\"]}]},{\"@type\":\"BreadcrumbList\",\"@id\":\"https:\/\/delicesdeplage.com\/product\/tartelette-citron-praline\/#breadcrumb\",\"itemListElement\":[{\"@type\":\"ListItem\",\"position\":1,\"name\":\"Home\",\"item\":\"https:\/\/delicesdeplage.com\/\"},{\"@type\":\"ListItem\",\"position\":2,\"name\":\"Nos p\u00e2tisseries\",\"item\":\"https:\/\/delicesdeplage.com\/shop\/\"},{\"@type\":\"ListItem\",\"position\":3,\"name\":\"Tartelette citron-praline\"}]}]}<\/script>\n<!-- \/ Yoast SEO plugin. -->","yoast_head_json":{"title":"Tartelette citron-praline - D\u00e9lices de Plage - P\u00e2tisserie \u00e0 Nice","description":"CR\u00c8ME A LA\u00a0NOISETTE, PRALIN\u00c9 NOISETTE, GEL\u00c9E AU CITRON-YUZU DE K\u00d4CHI & CR\u00c8ME CHANTILLY \u00c0 LA NOISETTE","robots":{"index":"noindex","follow":"follow","max-snippet":"max-snippet:-1","max-image-preview":"max-image-preview:large","max-video-preview":"max-video-preview:-1"},"og_locale":"en_GB","og_type":"article","og_title":"Tartelette citron-praline - D\u00e9lices de Plage - P\u00e2tisserie \u00e0 Nice","og_description":"CR\u00c8ME A LA\u00a0NOISETTE, PRALIN\u00c9 NOISETTE, GEL\u00c9E AU CITRON-YUZU DE K\u00d4CHI & CR\u00c8ME CHANTILLY \u00c0 LA NOISETTE","og_url":"https:\/\/delicesdeplage.com\/en\/product\/tartelette-citron-praline\/","og_site_name":"D\u00e9lices de Plage - P\u00e2tisserie \u00e0 Nice","article_publisher":"https:\/\/www.facebook.com\/delicesdeplage","article_modified_time":"2022-02-08T22:01:55+00:00","og_image":[{"width":1080,"height":1080,"url":"https:\/\/delicesdeplage.com\/wp-content\/uploads\/2021\/09\/tartelette-praline-yuzu.jpg","type":"image\/jpeg"}],"twitter_card":"summary_large_image","twitter_misc":{"Estimated reading time":"1 minute"},"schema":{"@context":"https:\/\/schema.org","@graph":[{"@type":"Organization","@id":"https:\/\/delicesdeplage.com\/#organization","name":"D\u00e9lices de Plage - P\u00e2tisserie \u00e0 Nice","url":"https:\/\/delicesdeplage.com\/","sameAs":["https:\/\/www.instagram.com\/delices_de_plage\/","https:\/\/www.facebook.com\/delicesdeplage"],"logo":{"@type":"ImageObject","inLanguage":"en-GB","@id":"https:\/\/delicesdeplage.com\/#\/schema\/logo\/image\/","url":"https:\/\/delicesdeplage.com\/wp-content\/uploads\/2021\/09\/logo_delices_de_plage_svg.svg","contentUrl":"https:\/\/delicesdeplage.com\/wp-content\/uploads\/2021\/09\/logo_delices_de_plage_svg.svg","width":469,"height":512,"caption":"D\u00e9lices de Plage - P\u00e2tisserie \u00e0 Nice"},"image":{"@id":"https:\/\/delicesdeplage.com\/#\/schema\/logo\/image\/"}},{"@type":"WebSite","@id":"https:\/\/delicesdeplage.com\/#website","url":"https:\/\/delicesdeplage.com\/","name":"D\u00e9lices de Plage - P\u00e2tisserie \u00e0 Nice","description":"P\u00e2tisserie fran\u00e7aise en bord de plage \u00e0 Nice","publisher":{"@id":"https:\/\/delicesdeplage.com\/#organization"},"potentialAction":[{"@type":"SearchAction","target":{"@type":"EntryPoint","urlTemplate":"https:\/\/delicesdeplage.com\/?s={search_term_string}"},"query-input":"required name=search_term_string"}],"inLanguage":"en-GB"},{"@type":"WebPage","@id":"https:\/\/delicesdeplage.com\/product\/tartelette-citron-praline\/","url":"https:\/\/delicesdeplage.com\/product\/tartelette-citron-praline\/","name":"Tartelette citron-praline - D\u00e9lices de Plage - P\u00e2tisserie \u00e0 Nice","isPartOf":{"@id":"https:\/\/delicesdeplage.com\/#website"},"datePublished":"2021-09-22T11:58:50+00:00","dateModified":"2022-02-08T22:01:55+00:00","description":"CR\u00c8ME A LA\u00a0NOISETTE, PRALIN\u00c9 NOISETTE, GEL\u00c9E AU CITRON-YUZU DE K\u00d4CHI & CR\u00c8ME CHANTILLY \u00c0 LA NOISETTE","breadcrumb":{"@id":"https:\/\/delicesdeplage.com\/product\/tartelette-citron-praline\/#breadcrumb"},"inLanguage":"en-GB","potentialAction":[{"@type":"ReadAction","target":["https:\/\/delicesdeplage.com\/product\/tartelette-citron-praline\/"]}]},{"@type":"BreadcrumbList","@id":"https:\/\/delicesdeplage.com\/product\/tartelette-citron-praline\/#breadcrumb","itemListElement":[{"@type":"ListItem","position":1,"name":"Home","item":"https:\/\/delicesdeplage.com\/"},{"@type":"ListItem","position":2,"name":"Nos p\u00e2tisseries","item":"https:\/\/delicesdeplage.com\/shop\/"},{"@type":"ListItem","position":3,"name":"Tartelette citron-praline"}]}]}},"_links":{"self":[{"href":"https:\/\/delicesdeplage.com\/en\/wp-json\/wp\/v2\/product\/296"}],"collection":[{"href":"https:\/\/delicesdeplage.com\/en\/wp-json\/wp\/v2\/product"}],"about":[{"href":"https:\/\/delicesdeplage.com\/en\/wp-json\/wp\/v2\/types\/product"}],"version-history":[{"count":1,"href":"https:\/\/delicesdeplage.com\/en\/wp-json\/wp\/v2\/product\/296\/revisions"}],"predecessor-version":[{"id":298,"href":"https:\/\/delicesdeplage.com\/en\/wp-json\/wp\/v2\/product\/296\/revisions\/298"}],"wp:featuredmedia":[{"embeddable":true,"href":"https:\/\/delicesdeplage.com\/en\/wp-json\/wp\/v2\/media\/297"}],"wp:attachment":[{"href":"https:\/\/delicesdeplage.com\/en\/wp-json\/wp\/v2\/media?parent=296"}],"wp:term":[{"taxonomy":"product_cat","embeddable":true,"href":"https:\/\/delicesdeplage.com\/en\/wp-json\/wp\/v2\/product_cat?post=296"},{"taxonomy":"product_tag","embeddable":true,"href":"https:\/\/delicesdeplage.com\/en\/wp-json\/wp\/v2\/product_tag?post=296"}],"curies":[{"name":"wp","href":"https:\/\/api.w.org\/{rel}","templated":true}]}}