{"id":257,"date":"2021-10-01T14:34:46","date_gmt":"2021-10-01T12:34:46","guid":{"rendered":"https:\/\/delicesdeplage.com\/?post_type=product&#038;p=257"},"modified":"2022-02-09T09:31:13","modified_gmt":"2022-02-09T08:31:13","slug":"patisseries-tongs","status":"publish","type":"product","link":"https:\/\/delicesdeplage.com\/en\/product\/patisseries-tongs\/","title":{"rendered":"P\u00e2tisseries en forme de tongs"},"content":{"rendered":"<p>D\u00e9couvrez tout l&rsquo;\u00e9t\u00e9 nos d\u00e9licieuses p\u00e2tisseries en forme de tong !<\/p>\n<p>La semelle est une p\u00e2te sabl\u00e9e, la mousse de la tong est une cr\u00e8me p\u00e2tissi\u00e8re et le plastique entre les doigts de pieds est r\u00e9alis\u00e9 en chocolat \ud83d\ude1b<\/p>\n<ul>\n<li><strong>La tong Citron\u00a0:<\/strong><br \/>\nP\u00e2te sabl\u00e9e \u00e0 la vanille, cr\u00e8me citron aux zestes de citrons confits, guimauve.<\/li>\n<li><strong>La tong Lola\u00a0:<\/strong><br \/>\nP\u00e2te sabl\u00e9e \u00e0 la vanille, marmelade de framboise, cr\u00e8me \u00e0 la passion, nappage passion et framboises fra\u00eeches.<\/li>\n<li><strong>La tong Acapulco\u00a0:<\/strong><br \/>\nP\u00e2te sabl\u00e9e \u00e0 la vanille avec une ganache au chocolat noir aux zestes et jus de citron vert.<\/li>\n<li><strong>La tong coquelicot\u00a0:<\/strong><br \/>\nP\u00e2te sabl\u00e9e \u00e0 la vanille, cr\u00e8me aux fruits rouges parfum\u00e9e au coquelicot et sa guimauve.<\/li>\n<\/ul>\n<p>&nbsp;<\/p>","protected":false},"excerpt":{"rendered":"<p>D\u00e9couvrez tout l&rsquo;\u00e9t\u00e9 nos d\u00e9licieuses p\u00e2tisseries en forme de tong !<\/p>\n<p>La semelle est une p\u00e2te sabl\u00e9e, la mousse de la tong est une cr\u00e8me p\u00e2tissi\u00e8re et le plastique entre les doigts de pieds est r\u00e9alis\u00e9 en chocolat \ud83d\ude1b<\/p>","protected":false},"featured_media":260,"template":"elementor_canvas","meta":{"inline_featured_image":false},"product_cat":[37],"product_tag":[],"yoast_head":"<!-- This site is optimized with the Yoast SEO plugin v19.4 - https:\/\/yoast.com\/wordpress\/plugins\/seo\/ -->\n<title>P\u00e2tisseries en forme de tongs - D\u00e9lices de Plage - P\u00e2tisserie \u00e0 Nice<\/title>\n<meta name=\"description\" content=\"D\u00e9couvrez nos d\u00e9licieuses p\u00e2tisseries en forme de tong sur notre site ou dans notre boutique en bord de plage \u00e0 Nice\" \/>\n<meta name=\"robots\" content=\"noindex, follow, max-snippet:-1, max-image-preview:large, max-video-preview:-1\" \/>\n<meta property=\"og:locale\" content=\"en_GB\" \/>\n<meta property=\"og:type\" content=\"article\" \/>\n<meta property=\"og:title\" content=\"P\u00e2tisseries en forme de tongs - D\u00e9lices de Plage - P\u00e2tisserie \u00e0 Nice\" \/>\n<meta property=\"og:description\" content=\"D\u00e9couvrez nos d\u00e9licieuses p\u00e2tisseries en forme de tong sur notre site ou dans notre boutique en bord de plage \u00e0 Nice\" \/>\n<meta property=\"og:url\" content=\"https:\/\/delicesdeplage.com\/en\/product\/patisseries-tongs\/\" \/>\n<meta property=\"og:site_name\" content=\"D\u00e9lices de Plage - P\u00e2tisserie \u00e0 Nice\" \/>\n<meta property=\"article:publisher\" content=\"https:\/\/www.facebook.com\/delicesdeplage\" \/>\n<meta property=\"article:modified_time\" content=\"2022-02-09T08:31:13+00:00\" \/>\n<meta property=\"og:image\" content=\"https:\/\/i0.wp.com\/delicesdeplage.com\/wp-content\/uploads\/2021\/09\/tongs-patisseries.jpg?fit=1080%2C1080&ssl=1\" \/>\n\t<meta property=\"og:image:width\" content=\"1080\" \/>\n\t<meta property=\"og:image:height\" content=\"1080\" \/>\n\t<meta property=\"og:image:type\" content=\"image\/jpeg\" \/>\n<meta name=\"twitter:card\" content=\"summary_large_image\" \/>\n<meta name=\"twitter:label1\" content=\"Estimated reading time\" \/>\n\t<meta name=\"twitter:data1\" content=\"1 minute\" \/>\n<script type=\"application\/ld+json\" class=\"yoast-schema-graph\">{\"@context\":\"https:\/\/schema.org\",\"@graph\":[{\"@type\":\"Organization\",\"@id\":\"https:\/\/delicesdeplage.com\/#organization\",\"name\":\"D\u00e9lices de Plage - P\u00e2tisserie \u00e0 Nice\",\"url\":\"https:\/\/delicesdeplage.com\/\",\"sameAs\":[\"https:\/\/www.instagram.com\/delices_de_plage\/\",\"https:\/\/www.facebook.com\/delicesdeplage\"],\"logo\":{\"@type\":\"ImageObject\",\"inLanguage\":\"en-GB\",\"@id\":\"https:\/\/delicesdeplage.com\/#\/schema\/logo\/image\/\",\"url\":\"https:\/\/delicesdeplage.com\/wp-content\/uploads\/2021\/09\/logo_delices_de_plage_svg.svg\",\"contentUrl\":\"https:\/\/delicesdeplage.com\/wp-content\/uploads\/2021\/09\/logo_delices_de_plage_svg.svg\",\"width\":469,\"height\":512,\"caption\":\"D\u00e9lices de Plage - P\u00e2tisserie \u00e0 Nice\"},\"image\":{\"@id\":\"https:\/\/delicesdeplage.com\/#\/schema\/logo\/image\/\"}},{\"@type\":\"WebSite\",\"@id\":\"https:\/\/delicesdeplage.com\/#website\",\"url\":\"https:\/\/delicesdeplage.com\/\",\"name\":\"D\u00e9lices de Plage - P\u00e2tisserie \u00e0 Nice\",\"description\":\"P\u00e2tisserie fran\u00e7aise en bord de plage \u00e0 Nice\",\"publisher\":{\"@id\":\"https:\/\/delicesdeplage.com\/#organization\"},\"potentialAction\":[{\"@type\":\"SearchAction\",\"target\":{\"@type\":\"EntryPoint\",\"urlTemplate\":\"https:\/\/delicesdeplage.com\/?s={search_term_string}\"},\"query-input\":\"required name=search_term_string\"}],\"inLanguage\":\"en-GB\"},{\"@type\":\"WebPage\",\"@id\":\"https:\/\/delicesdeplage.com\/product\/patisseries-tongs\/\",\"url\":\"https:\/\/delicesdeplage.com\/product\/patisseries-tongs\/\",\"name\":\"P\u00e2tisseries en forme de tongs - D\u00e9lices de Plage - P\u00e2tisserie \u00e0 Nice\",\"isPartOf\":{\"@id\":\"https:\/\/delicesdeplage.com\/#website\"},\"datePublished\":\"2021-10-01T12:34:46+00:00\",\"dateModified\":\"2022-02-09T08:31:13+00:00\",\"description\":\"D\u00e9couvrez nos d\u00e9licieuses p\u00e2tisseries en forme de tong sur notre site ou dans notre boutique en bord de plage \u00e0 Nice\",\"breadcrumb\":{\"@id\":\"https:\/\/delicesdeplage.com\/product\/patisseries-tongs\/#breadcrumb\"},\"inLanguage\":\"en-GB\",\"potentialAction\":[{\"@type\":\"ReadAction\",\"target\":[\"https:\/\/delicesdeplage.com\/product\/patisseries-tongs\/\"]}]},{\"@type\":\"BreadcrumbList\",\"@id\":\"https:\/\/delicesdeplage.com\/product\/patisseries-tongs\/#breadcrumb\",\"itemListElement\":[{\"@type\":\"ListItem\",\"position\":1,\"name\":\"Home\",\"item\":\"https:\/\/delicesdeplage.com\/\"},{\"@type\":\"ListItem\",\"position\":2,\"name\":\"Nos p\u00e2tisseries\",\"item\":\"https:\/\/delicesdeplage.com\/shop\/\"},{\"@type\":\"ListItem\",\"position\":3,\"name\":\"P\u00e2tisseries en forme de tongs\"}]}]}<\/script>\n<!-- \/ Yoast SEO plugin. -->","yoast_head_json":{"title":"P\u00e2tisseries en forme de tongs - D\u00e9lices de Plage - P\u00e2tisserie \u00e0 Nice","description":"D\u00e9couvrez nos d\u00e9licieuses p\u00e2tisseries en forme de tong sur notre site ou dans notre boutique en bord de plage \u00e0 Nice","robots":{"index":"noindex","follow":"follow","max-snippet":"max-snippet:-1","max-image-preview":"max-image-preview:large","max-video-preview":"max-video-preview:-1"},"og_locale":"en_GB","og_type":"article","og_title":"P\u00e2tisseries en forme de tongs - D\u00e9lices de Plage - P\u00e2tisserie \u00e0 Nice","og_description":"D\u00e9couvrez nos d\u00e9licieuses p\u00e2tisseries en forme de tong sur notre site ou dans notre boutique en bord de plage \u00e0 Nice","og_url":"https:\/\/delicesdeplage.com\/en\/product\/patisseries-tongs\/","og_site_name":"D\u00e9lices de Plage - P\u00e2tisserie \u00e0 Nice","article_publisher":"https:\/\/www.facebook.com\/delicesdeplage","article_modified_time":"2022-02-09T08:31:13+00:00","og_image":[{"width":1080,"height":1080,"url":"https:\/\/i0.wp.com\/delicesdeplage.com\/wp-content\/uploads\/2021\/09\/tongs-patisseries.jpg?fit=1080%2C1080&ssl=1","type":"image\/jpeg"}],"twitter_card":"summary_large_image","twitter_misc":{"Estimated reading time":"1 minute"},"schema":{"@context":"https:\/\/schema.org","@graph":[{"@type":"Organization","@id":"https:\/\/delicesdeplage.com\/#organization","name":"D\u00e9lices de Plage - P\u00e2tisserie \u00e0 Nice","url":"https:\/\/delicesdeplage.com\/","sameAs":["https:\/\/www.instagram.com\/delices_de_plage\/","https:\/\/www.facebook.com\/delicesdeplage"],"logo":{"@type":"ImageObject","inLanguage":"en-GB","@id":"https:\/\/delicesdeplage.com\/#\/schema\/logo\/image\/","url":"https:\/\/delicesdeplage.com\/wp-content\/uploads\/2021\/09\/logo_delices_de_plage_svg.svg","contentUrl":"https:\/\/delicesdeplage.com\/wp-content\/uploads\/2021\/09\/logo_delices_de_plage_svg.svg","width":469,"height":512,"caption":"D\u00e9lices de Plage - P\u00e2tisserie \u00e0 Nice"},"image":{"@id":"https:\/\/delicesdeplage.com\/#\/schema\/logo\/image\/"}},{"@type":"WebSite","@id":"https:\/\/delicesdeplage.com\/#website","url":"https:\/\/delicesdeplage.com\/","name":"D\u00e9lices de Plage - P\u00e2tisserie \u00e0 Nice","description":"P\u00e2tisserie fran\u00e7aise en bord de plage \u00e0 Nice","publisher":{"@id":"https:\/\/delicesdeplage.com\/#organization"},"potentialAction":[{"@type":"SearchAction","target":{"@type":"EntryPoint","urlTemplate":"https:\/\/delicesdeplage.com\/?s={search_term_string}"},"query-input":"required name=search_term_string"}],"inLanguage":"en-GB"},{"@type":"WebPage","@id":"https:\/\/delicesdeplage.com\/product\/patisseries-tongs\/","url":"https:\/\/delicesdeplage.com\/product\/patisseries-tongs\/","name":"P\u00e2tisseries en forme de tongs - D\u00e9lices de Plage - P\u00e2tisserie \u00e0 Nice","isPartOf":{"@id":"https:\/\/delicesdeplage.com\/#website"},"datePublished":"2021-10-01T12:34:46+00:00","dateModified":"2022-02-09T08:31:13+00:00","description":"D\u00e9couvrez nos d\u00e9licieuses p\u00e2tisseries en forme de tong sur notre site ou dans notre boutique en bord de plage \u00e0 Nice","breadcrumb":{"@id":"https:\/\/delicesdeplage.com\/product\/patisseries-tongs\/#breadcrumb"},"inLanguage":"en-GB","potentialAction":[{"@type":"ReadAction","target":["https:\/\/delicesdeplage.com\/product\/patisseries-tongs\/"]}]},{"@type":"BreadcrumbList","@id":"https:\/\/delicesdeplage.com\/product\/patisseries-tongs\/#breadcrumb","itemListElement":[{"@type":"ListItem","position":1,"name":"Home","item":"https:\/\/delicesdeplage.com\/"},{"@type":"ListItem","position":2,"name":"Nos p\u00e2tisseries","item":"https:\/\/delicesdeplage.com\/shop\/"},{"@type":"ListItem","position":3,"name":"P\u00e2tisseries en forme de tongs"}]}]}},"_links":{"self":[{"href":"https:\/\/delicesdeplage.com\/en\/wp-json\/wp\/v2\/product\/257"}],"collection":[{"href":"https:\/\/delicesdeplage.com\/en\/wp-json\/wp\/v2\/product"}],"about":[{"href":"https:\/\/delicesdeplage.com\/en\/wp-json\/wp\/v2\/types\/product"}],"version-history":[{"count":3,"href":"https:\/\/delicesdeplage.com\/en\/wp-json\/wp\/v2\/product\/257\/revisions"}],"predecessor-version":[{"id":984,"href":"https:\/\/delicesdeplage.com\/en\/wp-json\/wp\/v2\/product\/257\/revisions\/984"}],"wp:featuredmedia":[{"embeddable":true,"href":"https:\/\/delicesdeplage.com\/en\/wp-json\/wp\/v2\/media\/260"}],"wp:attachment":[{"href":"https:\/\/delicesdeplage.com\/en\/wp-json\/wp\/v2\/media?parent=257"}],"wp:term":[{"taxonomy":"product_cat","embeddable":true,"href":"https:\/\/delicesdeplage.com\/en\/wp-json\/wp\/v2\/product_cat?post=257"},{"taxonomy":"product_tag","embeddable":true,"href":"https:\/\/delicesdeplage.com\/en\/wp-json\/wp\/v2\/product_tag?post=257"}],"curies":[{"name":"wp","href":"https:\/\/api.w.org\/{rel}","templated":true}]}}